{"id":947,"date":"2024-11-23T16:03:59","date_gmt":"2024-11-23T19:03:59","guid":{"rendered":"https:\/\/www.agroima.com.ar\/?post_type=product&#038;p=947"},"modified":"2025-06-16T16:05:14","modified_gmt":"2025-06-16T19:05:14","slug":"acoplados-tanque-combinados","status":"publish","type":"product","link":"https:\/\/www.agroima.com.ar\/?product=acoplados-tanque-combinados","title":{"rendered":"Acoplados Tanque Combinados"},"content":{"rendered":"<p>Nuestros acoplados combinados se fabrican para capacidades que van desde 1000 Litros y 1000kgs, hasta 5000 Lts. Te damos la posibilidad de que armes tu tanque combinado de acuerdo a tus necesidades , coloc\u00e1ndole a tu equipo opcionales como; bauleras laterales en ambos lados, caj\u00f3n trasero, caja playa y tanques para abastecimiento de agua de pl\u00e1stico o fibra de vidrio. Est\u00e1n construidos en chapa estampada de 1\/8\u201d y 3\/16\u201d con molduras espec\u00edficamente colocadas para aportar mayor rigidez a su estructura. Los tanques propiamente dichos se construyen con chapa de 1\/8\u2033 con rompeolas, bocas de carga y descarga, compuerta pasahombre (opcional) Poseen ejes de acero macizo con rodamientos c\u00f3nicos ajustables y alemite de engrase. Rodados de 15\u2033 \u00f3 16\u2033 y opcionalmente rodado doble. Aro giratorio a bolita. Enganche Trasero. Guardabarros y paragolpes.<\/p>\n","protected":false},"excerpt":{"rendered":"<p>Nuestros acoplados combinados se fabrican para capacidades que van desde 1000 Litros y 1000kgs, hasta 5000 Lts. Te damos la posibilidad de que armes tu tanque combinado de acuerdo a tus necesidades , coloc\u00e1ndole a tu equipo opcionales como; bauleras laterales en ambos lados, caj\u00f3n trasero, caja playa y tanques para abastecimiento de agua de [&hellip;]<\/p>\n","protected":false},"featured_media":948,"comment_status":"open","ping_status":"closed","template":"","meta":[],"product_brand":[],"product_cat":[62,75],"product_tag":[],"class_list":{"0":"post-947","1":"product","2":"type-product","3":"status-publish","4":"has-post-thumbnail","6":"product_cat-acoplados","7":"product_cat-acoplados-tanque-combinados","9":"first","10":"outofstock","11":"taxable","12":"shipping-taxable","13":"purchasable","14":"product-type-simple"},"_links":{"self":[{"href":"https:\/\/www.agroima.com.ar\/index.php?rest_route=\/wp\/v2\/product\/947","targetHints":{"allow":["GET"]}}],"collection":[{"href":"https:\/\/www.agroima.com.ar\/index.php?rest_route=\/wp\/v2\/product"}],"about":[{"href":"https:\/\/www.agroima.com.ar\/index.php?rest_route=\/wp\/v2\/types\/product"}],"replies":[{"embeddable":true,"href":"https:\/\/www.agroima.com.ar\/index.php?rest_route=%2Fwp%2Fv2%2Fcomments&post=947"}],"wp:featuredmedia":[{"embeddable":true,"href":"https:\/\/www.agroima.com.ar\/index.php?rest_route=\/wp\/v2\/media\/948"}],"wp:attachment":[{"href":"https:\/\/www.agroima.com.ar\/index.php?rest_route=%2Fwp%2Fv2%2Fmedia&parent=947"}],"wp:term":[{"taxonomy":"product_brand","embeddable":true,"href":"https:\/\/www.agroima.com.ar\/index.php?rest_route=%2Fwp%2Fv2%2Fproduct_brand&post=947"},{"taxonomy":"product_cat","embeddable":true,"href":"https:\/\/www.agroima.com.ar\/index.php?rest_route=%2Fwp%2Fv2%2Fproduct_cat&post=947"},{"taxonomy":"product_tag","embeddable":true,"href":"https:\/\/www.agroima.com.ar\/index.php?rest_route=%2Fwp%2Fv2%2Fproduct_tag&post=947"}],"curies":[{"name":"wp","href":"https:\/\/api.w.org\/{rel}","templated":true}]}}