{"id":933,"date":"2024-11-22T16:26:25","date_gmt":"2024-11-22T19:26:25","guid":{"rendered":"https:\/\/www.agroima.com.ar\/?post_type=product&#038;p=933"},"modified":"2025-06-16T16:05:14","modified_gmt":"2025-06-16T19:05:14","slug":"desmalezadora-genesis-dt1200","status":"publish","type":"product","link":"https:\/\/www.agroima.com.ar\/?product=desmalezadora-genesis-dt1200","title":{"rendered":"Desmalezadora GENESIS DT1200"},"content":{"rendered":"<p align=\"justify\">El modelo de desmalezadora IMA GENESIS DT1200 de 1,2 mts de corte, ha sido dise\u00f1ado para cubrir las m\u00e1s variadas necesidades de desmalezado, triturado de rastrojos, limpieza de parques, plantaciones frutales, caminos, etc., por las m\u00faltiples alternativas que presentan. Posee patines regulables (opcional) para trabajos en lugares donde se desee asegurar el m\u00ednimo de corte.<\/p>\n<p align=\"justify\">Las desmalezadora de tres puntos IMA Genesis DT1200 cuenta con un chasis y un caparaz\u00f3n resistente a las rigurosas exigencias del desmalezado. El caparaz\u00f3n al no tener soldaduras ni uniones por ser una sola pieza, no deja formar oxidaci\u00f3n, logrando mas vida \u00fatil.<\/p>\n<p align=\"justify\">La desmalezadora IMA Genesis DT1200 est\u00e1 provista por un sistema de transmisi\u00f3n, barra de mando K518 universal con limitador de torque, mecanismo que protege los engranajes y cualquier sobrecarga, aumentando la seguridad.<\/p>\n<p align=\"justify\">La caja de transmisi\u00f3n IMA ha sido dise\u00f1ada para brindar los mas bajos niveles de ruido y vibraciones. La perfecta combinaci\u00f3n de engranajes c\u00f3nicos y ejes de acero tratados t\u00e9rmicamente girando sobre rodamiento de servicio axial y protegida por retenes, brindan mayor vida \u00fatil en condiciones extremas.<\/p>\n<p align=\"justify\">El sistema de corte cuenta con dos cuchillas oscilantes que ofrecen m\u00e1xima resistencia, durabilidad, facilidad de operaci\u00f3n y sencillez de mantenimiento. Adem\u00e1s de garantizar un corte suave y preciso, usted puede contar con la versatilidad del chasis para los trabajos mas severos en el desmalezado.<\/p>\n","protected":false},"excerpt":{"rendered":"<p>El modelo de desmalezadora IMA GENESIS DT1200 de 1,2 mts de corte, ha sido dise\u00f1ado para cubrir las m\u00e1s variadas necesidades de desmalezado, triturado de rastrojos, limpieza de parques, plantaciones frutales, caminos, etc., por las m\u00faltiples alternativas que presentan. Posee patines regulables (opcional) para trabajos en lugares donde se desee asegurar el m\u00ednimo de corte. [&hellip;]<\/p>\n","protected":false},"featured_media":934,"comment_status":"open","ping_status":"closed","template":"","meta":[],"product_brand":[],"product_cat":[69],"product_tag":[],"class_list":{"0":"post-933","1":"product","2":"type-product","3":"status-publish","4":"has-post-thumbnail","6":"product_cat-desmalezadoras-de-tres-puntos","8":"first","9":"outofstock","10":"taxable","11":"shipping-taxable","12":"product-type-simple"},"_links":{"self":[{"href":"https:\/\/www.agroima.com.ar\/index.php?rest_route=\/wp\/v2\/product\/933","targetHints":{"allow":["GET"]}}],"collection":[{"href":"https:\/\/www.agroima.com.ar\/index.php?rest_route=\/wp\/v2\/product"}],"about":[{"href":"https:\/\/www.agroima.com.ar\/index.php?rest_route=\/wp\/v2\/types\/product"}],"replies":[{"embeddable":true,"href":"https:\/\/www.agroima.com.ar\/index.php?rest_route=%2Fwp%2Fv2%2Fcomments&post=933"}],"wp:featuredmedia":[{"embeddable":true,"href":"https:\/\/www.agroima.com.ar\/index.php?rest_route=\/wp\/v2\/media\/934"}],"wp:attachment":[{"href":"https:\/\/www.agroima.com.ar\/index.php?rest_route=%2Fwp%2Fv2%2Fmedia&parent=933"}],"wp:term":[{"taxonomy":"product_brand","embeddable":true,"href":"https:\/\/www.agroima.com.ar\/index.php?rest_route=%2Fwp%2Fv2%2Fproduct_brand&post=933"},{"taxonomy":"product_cat","embeddable":true,"href":"https:\/\/www.agroima.com.ar\/index.php?rest_route=%2Fwp%2Fv2%2Fproduct_cat&post=933"},{"taxonomy":"product_tag","embeddable":true,"href":"https:\/\/www.agroima.com.ar\/index.php?rest_route=%2Fwp%2Fv2%2Fproduct_tag&post=933"}],"curies":[{"name":"wp","href":"https:\/\/api.w.org\/{rel}","templated":true}]}}