{"id":924,"date":"2024-11-22T11:40:21","date_gmt":"2024-11-22T14:40:21","guid":{"rendered":"https:\/\/www.agroima.com.ar\/?post_type=product&#038;p=924"},"modified":"2026-02-23T16:49:52","modified_gmt":"2026-02-23T19:49:52","slug":"cuchilla-niveladora-genesis-cnt2000","status":"publish","type":"product","link":"https:\/\/www.agroima.com.ar\/?product=cuchilla-niveladora-genesis-cnt2000","title":{"rendered":"Cuchilla Niveladora Genesis CNT2000"},"content":{"rendered":"<p>La cuchilla niveladora IMA Genesis CNT2000 para enganche de tres puntos ha sido dise\u00f1ada para solucionar los t\u00edpicos problemas ocasionados por las irregularidades de los terrenos. Por su gran versatilidad de trabajo es ideal para productores agropecuarios, municipios, empresas de servicios. Etc. Su dise\u00f1o robusto es apropiado para la m\u00e1s duras exigencias. El chasis es una estructura de acero al cual se acola el sistema de enganche de tres puntos para tractor en categor\u00eda 1 y 2 de serie. Adem\u00e1s al mismo se le incorpora una placa reguladora donde trabaja el soporte del conjunto vertedera-cuchilla,\u00a0d\u00e1ndole\u00a0la funci\u00f3n de inclinaci\u00f3n y cruce.<br \/>\nLa vertedera propiamente dicha est\u00e1 construida en acero resistente con soportes y refuerzos colocados en lugares espec\u00edficos para otorgar rigidez estructural y lograr un mayor tiempo de vida \u00fatil.<br \/>\nLas cuchillas est\u00e1n abulonadas a la vertedera dispuestas en tres secciones diferentes, individuales e intercambiables y son de acero de 10mm de espesor.<\/p>\n","protected":false},"excerpt":{"rendered":"<p><strong>Caracter\u00edsticas<\/strong><br \/>\nAltura: 1250 mm.<br \/>\nAncho de Cuchilla: 2130 mm.<br \/>\nLargo total: 1400 mm.<br \/>\nPeso del equipo: 330 Kg.<\/p>\n<p>Potencia m\u00ednima requerida: 40 hp.<br \/>\nPresi\u00f3n hidr\u00e1ulica: 120 kg.<br \/>\nSistema de levante: de 3 puntos categor\u00eda 1 \u00f3 2<\/p>\n<p><strong>Sistema de trabajo<\/strong><br \/>\nRegulaci\u00f3n de altura por medio del sistema de tres puntos del tractor.<br \/>\nRegulaci\u00f3n del \u00e1ngulo de inclinaci\u00f3n por medio de placa de giro vertical con varias posiciones<br \/>\nRegulaci\u00f3n del \u00e1ngulo de ataque por medio de placa de giro horizontal.<br \/>\nRegulaci\u00f3n de vertedera<\/p>\n<p><strong>Chasis<\/strong><br \/>\nConstruido en ca\u00f1o estructural con refuerzosespec\u00edficamente colocados y soldados.<br \/>\nVertedera: Largo 2130mm. Alto:520mm.<br \/>\nCuchillas: Acero SAE1050, en tres secciones, espesor 10mm, intercambiables.<\/p>\n","protected":false},"featured_media":1087,"comment_status":"open","ping_status":"closed","template":"","meta":[],"product_brand":[],"product_cat":[74],"product_tag":[],"class_list":{"0":"post-924","1":"product","2":"type-product","3":"status-publish","4":"has-post-thumbnail","6":"product_cat-niveladoras","8":"first","9":"outofstock","10":"taxable","11":"shipping-taxable","12":"product-type-simple"},"_links":{"self":[{"href":"https:\/\/www.agroima.com.ar\/index.php?rest_route=\/wp\/v2\/product\/924","targetHints":{"allow":["GET"]}}],"collection":[{"href":"https:\/\/www.agroima.com.ar\/index.php?rest_route=\/wp\/v2\/product"}],"about":[{"href":"https:\/\/www.agroima.com.ar\/index.php?rest_route=\/wp\/v2\/types\/product"}],"replies":[{"embeddable":true,"href":"https:\/\/www.agroima.com.ar\/index.php?rest_route=%2Fwp%2Fv2%2Fcomments&post=924"}],"wp:featuredmedia":[{"embeddable":true,"href":"https:\/\/www.agroima.com.ar\/index.php?rest_route=\/wp\/v2\/media\/1087"}],"wp:attachment":[{"href":"https:\/\/www.agroima.com.ar\/index.php?rest_route=%2Fwp%2Fv2%2Fmedia&parent=924"}],"wp:term":[{"taxonomy":"product_brand","embeddable":true,"href":"https:\/\/www.agroima.com.ar\/index.php?rest_route=%2Fwp%2Fv2%2Fproduct_brand&post=924"},{"taxonomy":"product_cat","embeddable":true,"href":"https:\/\/www.agroima.com.ar\/index.php?rest_route=%2Fwp%2Fv2%2Fproduct_cat&post=924"},{"taxonomy":"product_tag","embeddable":true,"href":"https:\/\/www.agroima.com.ar\/index.php?rest_route=%2Fwp%2Fv2%2Fproduct_tag&post=924"}],"curies":[{"name":"wp","href":"https:\/\/api.w.org\/{rel}","templated":true}]}}