{"id":904,"date":"2024-11-19T16:37:36","date_gmt":"2024-11-19T19:37:36","guid":{"rendered":"https:\/\/www.agroima.com.ar\/?post_type=product&#038;p=904"},"modified":"2025-06-16T16:05:14","modified_gmt":"2025-06-16T19:05:14","slug":"transportador-de-rollos-a-malacate-t1rm","status":"publish","type":"product","link":"https:\/\/www.agroima.com.ar\/?product=transportador-de-rollos-a-malacate-t1rm","title":{"rendered":"Transportador de rollos a malacate T1RM"},"content":{"rendered":"<p align=\"justify\">Cuando Ud. termin\u00f3 los rollos, es necesario retirarlos y trasladarlos al lugar donde ser\u00e1n almacenados hasta su consumo, para este trabajo dise\u00f1amos el modelo T1RM. Un equipo econ\u00f3mico, robusto, confiable, de gran fiabilidad y m\u00ednimo mantenimiento.<\/p>\n<p align=\"justify\">Capaz de soportar las m\u00e1s duras exigencias, traslad\u00e1ndose cargado, distancias relativamente grandes. En este equipo se emplean materiales de primera calidad y un cuidadoso dise\u00f1o, como en todos nuestros equipos, que permita una adecuada distribuci\u00f3n de esfuerzos para asegurar una larga vida \u00fatil.<\/p>\n<p align=\"justify\">El T1RM, cuenta con una estructura de hierro UPN. Las puntas de ejes son intercambiables y est\u00e1n montadas firmemente a una brida de acero soldada el\u00e9ctricamente al chasis, dos tornillo de seguridad de f\u00e1cil acceso las protegen e incrementan la vida \u00fatil, evitando adem\u00e1s, tiempos de inactividad.<\/p>\n<p align=\"justify\">Las masas de ruedas de servicio pesado y llantas para cubiertas 6.00\u201316\u201d ofrecen capacidad de transporte excepcional . Las masas son de material de acero fundido, montadas con rodillos c\u00f3nicos, protegidas por retenes y lubricadas por alemites de muy f\u00e1cil acceso.<br \/>\nLa carga y descarga de los rollos se controla por medio de un malacate manual montado en la estructura y cable de acero con pinche.<\/p>\n","protected":false},"excerpt":{"rendered":"<p>Cuando Ud. termin\u00f3 los rollos, es necesario retirarlos y trasladarlos al lugar donde ser\u00e1n almacenados hasta su consumo, para este trabajo dise\u00f1amos el modelo T1RM. Un equipo econ\u00f3mico, robusto, confiable, de gran fiabilidad y m\u00ednimo mantenimiento. Capaz de soportar las m\u00e1s duras exigencias, traslad\u00e1ndose cargado, distancias relativamente grandes. En este equipo se emplean materiales de [&hellip;]<\/p>\n","protected":false},"featured_media":905,"comment_status":"open","ping_status":"closed","template":"","meta":[],"product_brand":[],"product_cat":[72],"product_tag":[],"class_list":{"0":"post-904","1":"product","2":"type-product","3":"status-publish","4":"has-post-thumbnail","6":"product_cat-transportadores-de-rollos","8":"first","9":"outofstock","10":"taxable","11":"shipping-taxable","12":"product-type-simple"},"_links":{"self":[{"href":"https:\/\/www.agroima.com.ar\/index.php?rest_route=\/wp\/v2\/product\/904","targetHints":{"allow":["GET"]}}],"collection":[{"href":"https:\/\/www.agroima.com.ar\/index.php?rest_route=\/wp\/v2\/product"}],"about":[{"href":"https:\/\/www.agroima.com.ar\/index.php?rest_route=\/wp\/v2\/types\/product"}],"replies":[{"embeddable":true,"href":"https:\/\/www.agroima.com.ar\/index.php?rest_route=%2Fwp%2Fv2%2Fcomments&post=904"}],"wp:featuredmedia":[{"embeddable":true,"href":"https:\/\/www.agroima.com.ar\/index.php?rest_route=\/wp\/v2\/media\/905"}],"wp:attachment":[{"href":"https:\/\/www.agroima.com.ar\/index.php?rest_route=%2Fwp%2Fv2%2Fmedia&parent=904"}],"wp:term":[{"taxonomy":"product_brand","embeddable":true,"href":"https:\/\/www.agroima.com.ar\/index.php?rest_route=%2Fwp%2Fv2%2Fproduct_brand&post=904"},{"taxonomy":"product_cat","embeddable":true,"href":"https:\/\/www.agroima.com.ar\/index.php?rest_route=%2Fwp%2Fv2%2Fproduct_cat&post=904"},{"taxonomy":"product_tag","embeddable":true,"href":"https:\/\/www.agroima.com.ar\/index.php?rest_route=%2Fwp%2Fv2%2Fproduct_tag&post=904"}],"curies":[{"name":"wp","href":"https:\/\/api.w.org\/{rel}","templated":true}]}}