{"id":897,"date":"2024-11-19T14:05:14","date_gmt":"2024-11-19T17:05:14","guid":{"rendered":"https:\/\/www.agroima.com.ar\/?post_type=product&#038;p=897"},"modified":"2025-06-16T16:05:14","modified_gmt":"2025-06-16T19:05:14","slug":"transportador-de-rollos-para-tres-puntos-t1rt-econo","status":"publish","type":"product","link":"https:\/\/www.agroima.com.ar\/?product=transportador-de-rollos-para-tres-puntos-t1rt-econo","title":{"rendered":"Transportador de rollos para tres puntos T1RT Econo"},"content":{"rendered":"<p align=\"justify\"><span data-mce-mark=\"1\">Cuando Ud. termin\u00f3 los rollos, es necesario retirarlos y trasladarlos al lugar donde ser\u00e1n almacenados hasta su consumo, para este trabajo dise\u00f1amos el modelo T1RT Econo. Un equipo econ\u00f3mico, robusto, confiable, de gran fiabilidad y m\u00ednimo mantenimiento.<\/span><\/p>\n<p align=\"justify\"><span data-mce-mark=\"1\">Capaz de soportar las m\u00e1s duras exigencias, traslad\u00e1ndose cargado a cortas distancias. En este equipo se emplean materiales de primera calidad y un cuidadoso dise\u00f1o, como en todos nuestros equipos, que permita una adecuada distribuci\u00f3n de esfuerzos para asegurar una larga vida \u00fatil.<\/span><\/p>\n<p align=\"justify\">El T1RT Econo, cuenta con un chasis de hierro UPN, las p\u00faas son redondas, de acero, con punteras de fundici\u00f3n y pueden intercambiarse f\u00e1cilmente por cuanto se encuentran engrampadas individualmente en su robusto chasis y su disposici\u00f3n puede variar seg\u00fan la necesidad.<\/p>\n<p align=\"justify\">La carga y descarga de los rollos se controla hidr\u00e1ulicamente desde el tractor con equipo hidr\u00e1ulico de 3 puntos y se puede suministrar opcionalmente un cilindro de vuelque en el tercer punto.<\/p>\n","protected":false},"excerpt":{"rendered":"<p>Cuando Ud. termin\u00f3 los rollos, es necesario retirarlos y trasladarlos al lugar donde ser\u00e1n almacenados hasta su consumo, para este trabajo dise\u00f1amos el modelo T1RT Econo. Un equipo econ\u00f3mico, robusto, confiable, de gran fiabilidad y m\u00ednimo mantenimiento. Capaz de soportar las m\u00e1s duras exigencias, traslad\u00e1ndose cargado a cortas distancias. En este equipo se emplean materiales [&hellip;]<\/p>\n","protected":false},"featured_media":898,"comment_status":"open","ping_status":"closed","template":"","meta":[],"product_brand":[],"product_cat":[72],"product_tag":[],"class_list":{"0":"post-897","1":"product","2":"type-product","3":"status-publish","4":"has-post-thumbnail","6":"product_cat-transportadores-de-rollos","8":"first","9":"outofstock","10":"taxable","11":"shipping-taxable","12":"purchasable","13":"product-type-simple"},"_links":{"self":[{"href":"https:\/\/www.agroima.com.ar\/index.php?rest_route=\/wp\/v2\/product\/897","targetHints":{"allow":["GET"]}}],"collection":[{"href":"https:\/\/www.agroima.com.ar\/index.php?rest_route=\/wp\/v2\/product"}],"about":[{"href":"https:\/\/www.agroima.com.ar\/index.php?rest_route=\/wp\/v2\/types\/product"}],"replies":[{"embeddable":true,"href":"https:\/\/www.agroima.com.ar\/index.php?rest_route=%2Fwp%2Fv2%2Fcomments&post=897"}],"wp:featuredmedia":[{"embeddable":true,"href":"https:\/\/www.agroima.com.ar\/index.php?rest_route=\/wp\/v2\/media\/898"}],"wp:attachment":[{"href":"https:\/\/www.agroima.com.ar\/index.php?rest_route=%2Fwp%2Fv2%2Fmedia&parent=897"}],"wp:term":[{"taxonomy":"product_brand","embeddable":true,"href":"https:\/\/www.agroima.com.ar\/index.php?rest_route=%2Fwp%2Fv2%2Fproduct_brand&post=897"},{"taxonomy":"product_cat","embeddable":true,"href":"https:\/\/www.agroima.com.ar\/index.php?rest_route=%2Fwp%2Fv2%2Fproduct_cat&post=897"},{"taxonomy":"product_tag","embeddable":true,"href":"https:\/\/www.agroima.com.ar\/index.php?rest_route=%2Fwp%2Fv2%2Fproduct_tag&post=897"}],"curies":[{"name":"wp","href":"https:\/\/api.w.org\/{rel}","templated":true}]}}