{"id":887,"date":"2024-11-18T15:13:36","date_gmt":"2024-11-18T18:13:36","guid":{"rendered":"https:\/\/www.agroima.com.ar\/?post_type=product&#038;p=887"},"modified":"2025-06-16T16:05:14","modified_gmt":"2025-06-16T19:05:14","slug":"desmalezadora-genesis-da1500","status":"publish","type":"product","link":"https:\/\/www.agroima.com.ar\/?product=desmalezadora-genesis-da1500","title":{"rendered":"Desmalezadora GENESIS DA1500"},"content":{"rendered":"<p align=\"justify\">La desmalezadora IMA GENESIS DA1500 de 1,5 m de corte, ha sido dise\u00f1ada para cubrir las m\u00e1s variadas necesidades de desmalezado, triturado de rastrojos, caminos, etc., gracias a su estructura totalmente reforzada es especial para los trabajos cotidianos.<\/p>\n<p align=\"justify\">La desmalezadora de arrastre IMA GENESIS DA1500 cuenta con un chasis y un caparaz\u00f3n totalmente independientes resistentes a las rigurosas exigencias del desmalezado y sobredimensionado para las tareas m\u00e1s duras. El chasis est\u00e1 construido en perfil plegado, y es transportable por si mismo, soportando la lanza, el tren de rodaje, el caparaz\u00f3n y la caja de transmisi\u00f3n. El caparaz\u00f3n al ser una sola pieza y reduciendo al m\u00ednimo los puntos de soldadura y uniones, no deja formar oxidaci\u00f3n, logrando mas vida \u00fatil.<\/p>\n<p align=\"justify\">La desmalezadora IMA GENESIS DA1500 est\u00e1 provista por un sistema de transmisi\u00f3n, barra de mando K518 universal con limitador de torque, mecanismo que protege los engranajes y cualquier sobrecarga, aumentando la seguridad y reduciendo roturas con su consiguiente ahorro al momento del mantenimiento.<\/p>\n<p align=\"justify\">La caja de transmisi\u00f3n IMA ha sido dise\u00f1ada para brindar los mas bajos niveles de ruido y vibraciones. La perfecta combinaci\u00f3n de engranajes c\u00f3nicos y ejes de acero tratados t\u00e9rmicamente girando sobre rodamiento de servicio axial y protegida por retenes, brindan mayor vida \u00fatil en condiciones extremas.<\/p>\n<p align=\"justify\">El sistema de corte cuenta con dos cuchillas oscilantes que ofrecen m\u00e1xima resistencia, durabilidad, facilidad de operaci\u00f3n y sencillez de mantenimiento. Adem\u00e1s de garantizar un corte suave y preciso, usted puede contar con la versatilidad del chasis para los trabajos mas severos en el desmalezado.<\/p>\n","protected":false},"excerpt":{"rendered":"<p>La desmalezadora IMA GENESIS DA1500 de 1,5 m de corte, ha sido dise\u00f1ada para cubrir las m\u00e1s variadas necesidades de desmalezado, triturado de rastrojos, caminos, etc., gracias a su estructura totalmente reforzada es especial para los trabajos cotidianos. La desmalezadora de arrastre IMA GENESIS DA1500 cuenta con un chasis y un caparaz\u00f3n totalmente independientes resistentes [&hellip;]<\/p>\n","protected":false},"featured_media":888,"comment_status":"open","ping_status":"closed","template":"","meta":[],"product_brand":[],"product_cat":[70],"product_tag":[],"class_list":{"0":"post-887","1":"product","2":"type-product","3":"status-publish","4":"has-post-thumbnail","6":"product_cat-desmalezadoras-de-arrastre","8":"first","9":"outofstock","10":"taxable","11":"shipping-taxable","12":"purchasable","13":"product-type-simple"},"_links":{"self":[{"href":"https:\/\/www.agroima.com.ar\/index.php?rest_route=\/wp\/v2\/product\/887","targetHints":{"allow":["GET"]}}],"collection":[{"href":"https:\/\/www.agroima.com.ar\/index.php?rest_route=\/wp\/v2\/product"}],"about":[{"href":"https:\/\/www.agroima.com.ar\/index.php?rest_route=\/wp\/v2\/types\/product"}],"replies":[{"embeddable":true,"href":"https:\/\/www.agroima.com.ar\/index.php?rest_route=%2Fwp%2Fv2%2Fcomments&post=887"}],"wp:featuredmedia":[{"embeddable":true,"href":"https:\/\/www.agroima.com.ar\/index.php?rest_route=\/wp\/v2\/media\/888"}],"wp:attachment":[{"href":"https:\/\/www.agroima.com.ar\/index.php?rest_route=%2Fwp%2Fv2%2Fmedia&parent=887"}],"wp:term":[{"taxonomy":"product_brand","embeddable":true,"href":"https:\/\/www.agroima.com.ar\/index.php?rest_route=%2Fwp%2Fv2%2Fproduct_brand&post=887"},{"taxonomy":"product_cat","embeddable":true,"href":"https:\/\/www.agroima.com.ar\/index.php?rest_route=%2Fwp%2Fv2%2Fproduct_cat&post=887"},{"taxonomy":"product_tag","embeddable":true,"href":"https:\/\/www.agroima.com.ar\/index.php?rest_route=%2Fwp%2Fv2%2Fproduct_tag&post=887"}],"curies":[{"name":"wp","href":"https:\/\/api.w.org\/{rel}","templated":true}]}}