{"id":7,"date":"2013-01-10T22:43:03","date_gmt":"2013-01-10T22:43:03","guid":{"rendered":"http:\/\/www.agroima.com.ar\/?page_id=7"},"modified":"2025-03-17T15:48:03","modified_gmt":"2025-03-17T18:48:03","slug":"empresa","status":"publish","type":"page","link":"https:\/\/www.agroima.com.ar\/?page_id=7","title":{"rendered":"Empresa"},"content":{"rendered":"<p data-start=\"139\" data-end=\"548\">Desde nuestros comienzos como emprendimiento familiar en 1989, con la fabricaci\u00f3n de los primeros equipos abonadores, nos propusimos ser un referente tecnol\u00f3gico en la industria agropecuaria nacional. A lo largo de los a\u00f1os, hemos logrado destacarnos y expandir nuestras ventas tanto en Argentina como en el exterior, consolid\u00e1ndonos gradualmente como sin\u00f3nimo de calidad, solidez y compromiso en el sector.<\/p>\n<p data-start=\"550\" data-end=\"971\">En 2006, dimos un paso m\u00e1s en nuestro crecimiento y fundamos <strong data-start=\"611\" data-end=\"661\">IMA (Industrias Metal\u00fargicas Australes S.R.L.)<\/strong>, con el objetivo de fortalecer nuestra presencia en el mercado nacional e internacional, explorar nuevas oportunidades comerciales, mejorar nuestros est\u00e1ndares de calidad mediante certificaciones ISO y optimizar costos. Todo esto con el fin de evolucionar hacia una organizaci\u00f3n m\u00e1s estructurada y definida.<\/p>\n<p data-start=\"973\" data-end=\"1650\">En <strong data-start=\"976\" data-end=\"983\">IMA<\/strong>, trabajamos constantemente para garantizar la satisfacci\u00f3n de nuestros clientes a trav\u00e9s de la mejora continua en nuestros procesos y productos. Fomentamos el desarrollo profesional y humano de nuestros colaboradores, asegur\u00e1ndonos de que la comunicaci\u00f3n y el compromiso con nuestra pol\u00edtica de calidad sean una responsabilidad compartida por todos. Para ello, proporcionamos los recursos y las condiciones necesarias que permitan implementar dicha pol\u00edtica de manera efectiva, garantizando un sistema eficiente y alineado con nuestros objetivos. Por esta raz\u00f3n, dedicamos esfuerzos permanentes a la certificaci\u00f3n de calidad en todos nuestros procesos y productos.<\/p>\n<hr data-start=\"1652\" data-end=\"1655\" \/>\n<h2 data-start=\"1657\" data-end=\"1675\"><strong data-start=\"1660\" data-end=\"1673\">Filosof\u00eda<\/strong><\/h2>\n<p data-start=\"1676\" data-end=\"1909\">Nuestra visi\u00f3n y valores gu\u00edan cada una de nuestras acciones. Aspiramos a <strong data-start=\"1750\" data-end=\"1787\">ser l\u00edderes en el sector agr\u00edcola<\/strong>, desarrollando productos de excelencia que posicionen nuestra marca como un s\u00edmbolo de confianza, fortaleza y respaldo.<\/p>\n<p data-start=\"1911\" data-end=\"2087\">Para hacer realidad esta visi\u00f3n, hemos establecido <strong data-start=\"1962\" data-end=\"1995\">diez principios empresariales<\/strong>, que reflejan nuestra manera de relacionarnos con clientes, colaboradores y la comunidad.<\/p>\n<hr data-start=\"2089\" data-end=\"2092\" \/>\n<h2 data-start=\"2094\" data-end=\"2122\"><strong data-start=\"2097\" data-end=\"2120\">Nuestros Principios<\/strong><\/h2>\n<p data-start=\"2124\" data-end=\"2288\">\u2714 <strong data-start=\"2126\" data-end=\"2160\">Pensar siempre en los usuarios<\/strong><br data-start=\"2160\" data-end=\"2163\" \/>Colocamos las necesidades, expectativas y deseos de nuestros clientes en el centro de todas nuestras decisiones y procesos.<\/p>\n<p data-start=\"2290\" data-end=\"2429\">\u2714 <strong data-start=\"2292\" data-end=\"2312\">Actuar con \u00e9tica<\/strong><br data-start=\"2312\" data-end=\"2315\" \/>Trabajamos con honestidad, respeto y responsabilidad, garantizando un desempe\u00f1o \u00edntegro y resultados confiables.<\/p>\n<p data-start=\"2431\" data-end=\"2564\">\u2714 <strong data-start=\"2433\" data-end=\"2465\">Flexibilidad y participaci\u00f3n<\/strong><br data-start=\"2465\" data-end=\"2468\" \/>Valoramos la diversidad de ideas, fomentando un ambiente abierto al di\u00e1logo y a la innovaci\u00f3n.<\/p>\n<p data-start=\"2566\" data-end=\"2716\">\u2714 <strong data-start=\"2568\" data-end=\"2605\">Especializaci\u00f3n y mejora continua<\/strong><br data-start=\"2605\" data-end=\"2608\" \/>La capacitaci\u00f3n constante y el enfoque en la excelencia nos permiten alcanzar mejores resultados cada d\u00eda.<\/p>\n<p data-start=\"2718\" data-end=\"2890\">\u2714 <strong data-start=\"2720\" data-end=\"2746\">Generar valor agregado<\/strong><br data-start=\"2746\" data-end=\"2749\" \/>Aportamos calidad y eficiencia a cada etapa de nuestro proceso productivo, asegurando la sustentabilidad de nuestros proyectos y objetivos.<\/p>\n<p data-start=\"2892\" data-end=\"3096\">\u2714 <strong data-start=\"2894\" data-end=\"2926\">Profesionalismo y excelencia<\/strong><br data-start=\"2926\" data-end=\"2929\" \/>Exigimos lo mejor de nosotros mismos para garantizar productos y servicios de la m\u00e1s alta calidad, apoyando el crecimiento profesional de cada integrante del equipo.<\/p>\n<p data-start=\"3098\" data-end=\"3331\">\u2714 <strong data-start=\"3100\" data-end=\"3120\">Respuesta r\u00e1pida<\/strong><br data-start=\"3120\" data-end=\"3123\" \/>El \u00e9xito no es un punto de llegada, sino un camino de mejora constante. Por eso, trabajamos con agilidad y dinamismo para atender de manera eficiente cada necesidad, tanto interna como de nuestros clientes.<\/p>\n<p data-start=\"3333\" data-end=\"3478\">\u2714 <strong data-start=\"3335\" data-end=\"3365\">Investigaci\u00f3n y desarrollo<\/strong><br data-start=\"3365\" data-end=\"3368\" \/>Innovamos continuamente para mejorar nuestros productos y procesos, explorando siempre nuevas posibilidades.<\/p>\n<p data-start=\"3480\" data-end=\"3677\">\u2714 <strong data-start=\"3482\" data-end=\"3525\">Trabajo en equipo y enfoque estrat\u00e9gico<\/strong><br data-start=\"3525\" data-end=\"3528\" \/>Impulsamos el trabajo colaborativo respetando la estructura organizativa, promoviendo iniciativas que contribuyan al bienestar com\u00fan de la empresa.<\/p>\n<p data-start=\"3679\" data-end=\"3832\">\u2714 <strong data-start=\"3681\" data-end=\"3703\">Ir siempre por m\u00e1s<\/strong><br data-start=\"3703\" data-end=\"3706\" \/>No nos conformamos con buenos resultados; buscamos superarnos continuamente para alcanzar nuestras metas y seguir creciendo.<\/p>\n","protected":false},"excerpt":{"rendered":"<p>Desde nuestros comienzos como emprendimiento familiar en 1989, con la fabricaci\u00f3n de los primeros equipos abonadores, nos propusimos ser un referente tecnol\u00f3gico en la industria agropecuaria nacional. A lo largo de los a\u00f1os, hemos logrado destacarnos y expandir nuestras ventas tanto en Argentina como en el exterior, consolid\u00e1ndonos gradualmente como sin\u00f3nimo de calidad, solidez y [&hellip;]<\/p>\n","protected":false},"author":1,"featured_media":0,"parent":0,"menu_order":0,"comment_status":"closed","ping_status":"closed","template":"","meta":{"_regular_price":[],"currency_symbol":[],"footnotes":""},"class_list":["post-7","page","type-page","status-publish","hentry"],"post_slider_layout_featured_media_urls":{"thumbnail":"","post_slider_layout_landscape_large":"","post_slider_layout_portrait_large":"","post_slider_layout_square_large":"","post_slider_layout_landscape":"","post_slider_layout_portrait":"","post_slider_layout_square":"","full":""},"_links":{"self":[{"href":"https:\/\/www.agroima.com.ar\/index.php?rest_route=\/wp\/v2\/pages\/7","targetHints":{"allow":["GET"]}}],"collection":[{"href":"https:\/\/www.agroima.com.ar\/index.php?rest_route=\/wp\/v2\/pages"}],"about":[{"href":"https:\/\/www.agroima.com.ar\/index.php?rest_route=\/wp\/v2\/types\/page"}],"author":[{"embeddable":true,"href":"https:\/\/www.agroima.com.ar\/index.php?rest_route=\/wp\/v2\/users\/1"}],"replies":[{"embeddable":true,"href":"https:\/\/www.agroima.com.ar\/index.php?rest_route=%2Fwp%2Fv2%2Fcomments&post=7"}],"version-history":[{"count":36,"href":"https:\/\/www.agroima.com.ar\/index.php?rest_route=\/wp\/v2\/pages\/7\/revisions"}],"predecessor-version":[{"id":1049,"href":"https:\/\/www.agroima.com.ar\/index.php?rest_route=\/wp\/v2\/pages\/7\/revisions\/1049"}],"wp:attachment":[{"href":"https:\/\/www.agroima.com.ar\/index.php?rest_route=%2Fwp%2Fv2%2Fmedia&parent=7"}],"curies":[{"name":"wp","href":"https:\/\/api.w.org\/{rel}","templated":true}]}}