{"id":25,"date":"2013-01-10T23:12:51","date_gmt":"2013-01-10T23:12:51","guid":{"rendered":"http:\/\/www.agroima.com.ar\/?page_id=25"},"modified":"2013-01-10T23:14:41","modified_gmt":"2013-01-10T23:14:41","slug":"servicio","status":"publish","type":"page","link":"https:\/\/www.agroima.com.ar\/?page_id=25","title":{"rendered":"Servicio"},"content":{"rendered":"<h1><span style=\"text-decoration: underline;\"><strong>Servicio Post Venta<\/strong><\/span><\/h1>\n<p align=\"justify\"><span style=\"font-family: Arial; font-size: small;\"><img decoding=\"async\" class=\"size-full wp-image-26 alignright\" style=\"border: 0px;\" alt=\"saveiro\" src=\"https:\/\/www.agroima.com.ar\/wp-content\/uploads\/saveiro.jpg\" width=\"200\" height=\"103\" \/>Los productos IMA son reconocidos por su calidad, rendimiento y confiabilidad. A\u00fan as\u00ed, la productividad de una m\u00e1quina depende tambi\u00e9n de una infraestructura de servicio que nos asegure una reparaci\u00f3n r\u00e1pida, eficiente y de una sola vez. El objetivo de nuestra organizaci\u00f3n de Servicio es asegurar a nuestros clientes un servicio superior, en el momento que la m\u00e1quina lo requiera y de la forma en que los tiempos de hoy exigen. Los Concesionarios IMA est\u00e1n dotados de los medios m\u00e1s avanzados para atender a sus necesidades con rapidez y eficacia. Como as\u00ed tambi\u00e9n nuestro equipo de profesionales que est\u00e1n disponibles para realizar las tareas a campo que sean necesarias.<\/span><\/p>\n<h1 align=\"justify\"><strong><span style=\"text-decoration: underline;\">Servicio de Reparaci\u00f3n en nuestros talleres<\/span><\/strong><\/h1>\n<p align=\"justify\"><span style=\"font-family: Arial; font-size: small;\"><img decoding=\"async\" class=\"size-full wp-image-27 alignright\" style=\"border: 0px;\" alt=\"kia-k2700\" src=\"https:\/\/www.agroima.com.ar\/wp-content\/uploads\/kia-k2700.jpg\" width=\"200\" height=\"113\" \/>Cada d\u00eda son m\u00e1s los clientes que nos solicitan el servicio de reparaci\u00f3n de maquinaria agr\u00edcola en nuestros talleres. Esto comenz\u00f3 con el desaf\u00edo de agiornamiento de maquinaria, donde se realizaba una reparaci\u00f3n completa del equipo, dej\u00e1ndolo como nuevo. La mayor cantidad de trabajos se realiz\u00f3 sobre pulverizadores. Esto nos gener\u00f3 el incentivo de aplicarlo a toda maquinaria agr\u00edcola. Hoy nos comprometemos a\u00fan m\u00e1s con ese desaf\u00edo y dedicamos lugar a este emprendimiento realizando reparaciones en desmalezadoras, rastras de discos, tractores, cosechadoras, acoplados y una gran cantidad de equipos que llegan a nuestros talleres para ser reparados.<\/span><\/p>\n","protected":false},"excerpt":{"rendered":"<p>Servicio Post Venta Los productos IMA son reconocidos por su calidad, rendimiento y confiabilidad. A\u00fan as\u00ed, la productividad de una m\u00e1quina depende tambi\u00e9n de una infraestructura de servicio que nos asegure una reparaci\u00f3n r\u00e1pida, eficiente y de una sola vez. El objetivo de nuestra organizaci\u00f3n de Servicio es asegurar a nuestros clientes un servicio superior, [&hellip;]<\/p>\n","protected":false},"author":1,"featured_media":0,"parent":0,"menu_order":0,"comment_status":"closed","ping_status":"closed","template":"","meta":{"_regular_price":[],"currency_symbol":[],"footnotes":""},"class_list":["post-25","page","type-page","status-publish","hentry"],"post_slider_layout_featured_media_urls":{"thumbnail":"","post_slider_layout_landscape_large":"","post_slider_layout_portrait_large":"","post_slider_layout_square_large":"","post_slider_layout_landscape":"","post_slider_layout_portrait":"","post_slider_layout_square":"","full":""},"_links":{"self":[{"href":"https:\/\/www.agroima.com.ar\/index.php?rest_route=\/wp\/v2\/pages\/25","targetHints":{"allow":["GET"]}}],"collection":[{"href":"https:\/\/www.agroima.com.ar\/index.php?rest_route=\/wp\/v2\/pages"}],"about":[{"href":"https:\/\/www.agroima.com.ar\/index.php?rest_route=\/wp\/v2\/types\/page"}],"author":[{"embeddable":true,"href":"https:\/\/www.agroima.com.ar\/index.php?rest_route=\/wp\/v2\/users\/1"}],"replies":[{"embeddable":true,"href":"https:\/\/www.agroima.com.ar\/index.php?rest_route=%2Fwp%2Fv2%2Fcomments&post=25"}],"version-history":[{"count":4,"href":"https:\/\/www.agroima.com.ar\/index.php?rest_route=\/wp\/v2\/pages\/25\/revisions"}],"predecessor-version":[{"id":32,"href":"https:\/\/www.agroima.com.ar\/index.php?rest_route=\/wp\/v2\/pages\/25\/revisions\/32"}],"wp:attachment":[{"href":"https:\/\/www.agroima.com.ar\/index.php?rest_route=%2Fwp%2Fv2%2Fmedia&parent=25"}],"curies":[{"name":"wp","href":"https:\/\/api.w.org\/{rel}","templated":true}]}}