{"id":134,"date":"2013-01-19T14:36:54","date_gmt":"2013-01-19T17:36:54","guid":{"rendered":"http:\/\/www.agroima.com.ar\/?page_id=134"},"modified":"2025-05-29T16:28:57","modified_gmt":"2025-05-29T19:28:57","slug":"contacto","status":"publish","type":"page","link":"https:\/\/www.agroima.com.ar\/?page_id=134","title":{"rendered":"Contacto"},"content":{"rendered":"<p><strong>Industrias Metal\u00fargicas Australes s.r.l.<\/strong><br \/>\nSan Andr\u00e9s de Giles (6720) &#8211; Buenos Aires &#8211; Argentina<\/p>\n<p><strong>Horario de atenci\u00f3n:<\/strong><br \/>\nLunes a Viernes: de 8hs a 16:00hs<br \/>\nS\u00e1bados: de 9hs a 13:00hs<\/p>\n<p><strong>Complete el formulario de\u00a0consulta y a la brevedad nos comunicaremos.<\/strong><\/p>\n<p style=\"text-align: center;\"><form method=\"post\" id=\"cntctfrm_contact_form\" class=\"cntctfrm_contact_form cntctfrm_two_columns cntctfrm_ltr cntctfrm_width_default\" action=\"\/index.php?rest_route=%2Fwp%2Fv2%2Fpages%2F134#cntctfrm_contact_form\" enctype=\"multipart\/form-data\"><div id=\"cntctfrm_first_column\" class=\"cntctfrm_column\"><div class=\"cntctfrm_field_wrap cntctfrm_field_name_wrap\"namecontact><div class=\"cntctfrm_label cntctfrm_label_name\">\n\t\t\t\t\t\t\t\t\t<label for=\"cntctfrm_contact_name\">Nombre: <span class=\"required\">*<\/span><\/label><\/div><div class=\"cntctfrm_input cntctfrm_input_name\">\n\t\t\t\t\t\t\t\t\t<input namecontact class=\"text\" type=\"text\" size=\"40\" pattern=\"^([\\p{L}\\p{M}]{2,}(\\s)*(\\p{L}+\\p{M}*-*){1,})|([\\p{L}\\p{M}]{3,})\" title=\"Please enter only letters at least 3 characters, words seperated by spaces\" value=\"\" name=\"cntctfrm_contact_name\" id=\"cntctfrm_contact_name\" \/><\/div><\/div><div class=\"cntctfrm_field_wrap cntctfrm_field_address_wrap\"><div class=\"cntctfrm_label cntctfrm_label_address\">\n\t\t\t\t\t\t\t\t\t\t<label for=\"cntctfrm_contact_address\">Direcci\u00f3n:<\/label><\/div><div class=\"cntctfrm_input cntctfrm_input_address\">\n\t\t\t\t\t\t\t\t\t<input class=\"text\" type=\"text\" size=\"40\" pattern=\"([\\p{L}\\p{M}\\s0-9]){1,120}\" title=\"Please enter only letters and numbers at least 3 characters, words seperated by spaces\" value=\"\" name=\"cntctfrm_contact_address\" id=\"cntctfrm_contact_address\" \/><\/div><\/div><div class=\"cntctfrm_field_wrap cntctfrm_field_email_wrap\"email><div class=\"cntctfrm_label cntctfrm_label_email\">\n\t\t\t\t\t\t\t\t\t<label for=\"cntctfrm_contact_email\">Direcci\u00f3n de correo electr\u00f3nico: <span class=\"required\">*<\/span><\/label>\n\t\t\t\t\t\t\t\t<\/div><div class=\"cntctfrm_input cntctfrm_input_email\">\n\t\t\t\t\t\t\t\t\t<input email class=\"text\" type=\"email\" size=\"40\" value=\"\" name=\"cntctfrm_contact_email\" id=\"cntctfrm_contact_email\" \/><\/div><\/div><div class=\"cntctfrm_field_wrap cntctfrm_field_phone_wrap\"><div class=\"cntctfrm_label cntctfrm_label_phone\">\n\t\t\t\t\t\t\t\t\t\t<label for=\"cntctfrm_contact_phone\">N\u00famero de tel\u00e9fono: <span class=\"required\">*<\/span><\/label>\n\t\t\t\t\t\t\t\t\t<\/div><div class=\"cntctfrm_input cntctfrm_input_phone\">\n\t\t\t\t\t\t\t\t\t<input class=\"text\" type=\"text\" size=\"40\" value=\"\" pattern=\"[0-9]{6,}\" title=\"Please enter only numbers at least 6 characters\" name=\"cntctfrm_contact_phone\" id=\"cntctfrm_contact_phone\" \/><\/div><\/div><div class=\"cntctfrm_field_wrap cntctfrm_field_subject_wrap\"subject><div class=\"cntctfrm_label cntctfrm_label_subject\">\n\t\t\t\t\t\t\t\t\t<label for=\"cntctfrm_contact_subject\">Asunto: <span class=\"required\">*<\/span><\/label>\n\t\t\t\t\t\t\t\t<\/div><div class=\"cntctfrm_input cntctfrm_input_subject\">\n\t\t\t\t\t\t\t\t<input subject pattern=\"^([\\p{M}\\p{L}]{1,}(\\s\\p{M}*\\p{L}+-*)*){3,}\" title=\"Please enter only letters at least 3 characters, words seperated by spaces\" class=\"text\" type=\"text\" size=\"40\" value=\"\" name=\"cntctfrm_contact_subject\" id=\"cntctfrm_contact_subject\" \/><\/div><\/div><div class=\"cntctfrm_field_wrap cntctfrm_field_message_wrap\"message><div class=\"cntctfrm_label cntctfrm_label_message\">\n\t\t\t\t\t\t\t\t<label for=\"cntctfrm_contact_message\">Mensaje: <span class=\"required\">*<\/span><\/label>\n\t\t\t\t\t\t\t<\/div><div class=\"cntctfrm_input cntctfrm_input_message\">\n\t\t\t\t\t\t\t\t<textarea message rows=\"5\" cols=\"30\"name=\"cntctfrm_contact_message\" id=\"cntctfrm_contact_message\"><\/textarea><\/div><\/div><div class=\"cntctfrm_field_wrap cntctfrm_field_captcha_wrap\"><div class=\"cntctfrm_label cntctfrm_label_captcha\">\n\t\t\t\t\t\t\t\t\t\t\t<label><\/label>\n\t\t\t\t\t\t\t\t\t\t<\/div><div class=\"cntctfrm_input cntctfrm_input_captcha\"><span id=\"cptch_time_limit_notice_75\" class=\"cptch_time_limit_notice cptch_to_remove\">L\u00edmite de tiempo excedido. Por favor complete el captcha otra vez m\u00e1s.<\/span><span class=\"cptch_wrap cptch_math_actions\">\n\t\t\t\t<label class=\"cptch_label\" for=\"cptch_input_75\"><span class=\"cptch_span\">2<\/span>\n\t\t\t\t<span class=\"cptch_span\">&nbsp;&minus;&nbsp;<\/span>\n\t\t\t\t<span class=\"cptch_span\"><input id=\"cptch_input_75\" class=\"cptch_input \" type=\"text\" autocomplete=\"off\" name=\"cptch_number\" value=\"\" maxlength=\"2\" size=\"2\" aria-required=\"true\" required=\"required\" style=\"margin-bottom:0;display:inline;font-size: 12px;width: 40px;\" \/><\/span>\n\t\t\t\t<span class=\"cptch_span\">&nbsp;=&nbsp;<\/span>\n\t\t\t\t<span class=\"cptch_span\">1<\/span><input type=\"hidden\" name=\"cptch_form\" value=\"bws_contact\" \/>\n\t\t\t\t<\/label><\/span><\/div><\/div><\/div><div id=\"cntctfrm_second_column\" class=\"cntctfrm_column\"><\/div><div class=\"clear\"><\/div><div class=\"cntctfrm_submit_wrap\"><div id=\"cntctfrm_submit_first_column\" class=\"cntctfrm_column\"><\/div><div id=\"cntctfrm_submit_second_column\" class=\"cntctfrm_column\"><div class=\"cntctfrm_input cntctfrm_input_submit\"><input type=\"hidden\" value=\"send\" name=\"cntctfrm_contact_action\">\n\t\t\t\t\t\t\t<input type=\"hidden\" value=\"default\" name=\"cntctfrm_language\">\n\t\t\t\t\t\t\t<input type=\"hidden\" value=\"1\" name=\"cntctfrm_form_submited\">\n\t\t\t\t\t\t\t<input type=\"hidden\" value=\"cntctfrm_options\" name=\"cntctfrm_options_name\">\n\t\t\t\t\t\t\t<input type=\"submit\" value=\"Enviar\" class=\"cntctfrm_contact_submit\" id=\"1\" \/>\n\t\t\t\t\t\t<\/div><\/div><div class=\"clear\"><\/div>\n\t\t\t<\/div>\n\t\t\t<\/form><\/p>\n<form action=\"\/cgi-sys\/FormMail.cgi\" method=\"post\"><input name=\"redirect\" type=\"hidden\" value=\"https:\/\/www.agroima.com.ar\/?page_id=139\" \/><input name=\"subject\" type=\"hidden\" value=\"Contacto desde la Web\" \/><input name=\"recipient\" type=\"hidden\" value=\"info@agroima.com.ar\" \/><\/form>\n","protected":false},"excerpt":{"rendered":"<p>Industrias Metal\u00fargicas Australes s.r.l. San Andr\u00e9s de Giles (6720) &#8211; Buenos Aires &#8211; Argentina Horario de atenci\u00f3n: Lunes a Viernes: de 8hs a 16:00hs S\u00e1bados: de 9hs a 13:00hs Complete el formulario de\u00a0consulta y a la brevedad nos comunicaremos.<\/p>\n","protected":false},"author":1,"featured_media":1061,"parent":0,"menu_order":0,"comment_status":"closed","ping_status":"closed","template":"","meta":{"footnotes":""},"class_list":["post-134","page","type-page","status-publish","has-post-thumbnail","hentry"],"_links":{"self":[{"href":"https:\/\/www.agroima.com.ar\/index.php?rest_route=\/wp\/v2\/pages\/134","targetHints":{"allow":["GET"]}}],"collection":[{"href":"https:\/\/www.agroima.com.ar\/index.php?rest_route=\/wp\/v2\/pages"}],"about":[{"href":"https:\/\/www.agroima.com.ar\/index.php?rest_route=\/wp\/v2\/types\/page"}],"author":[{"embeddable":true,"href":"https:\/\/www.agroima.com.ar\/index.php?rest_route=\/wp\/v2\/users\/1"}],"replies":[{"embeddable":true,"href":"https:\/\/www.agroima.com.ar\/index.php?rest_route=%2Fwp%2Fv2%2Fcomments&post=134"}],"version-history":[{"count":67,"href":"https:\/\/www.agroima.com.ar\/index.php?rest_route=\/wp\/v2\/pages\/134\/revisions"}],"predecessor-version":[{"id":642,"href":"https:\/\/www.agroima.com.ar\/index.php?rest_route=\/wp\/v2\/pages\/134\/revisions\/642"}],"wp:featuredmedia":[{"embeddable":true,"href":"https:\/\/www.agroima.com.ar\/index.php?rest_route=\/wp\/v2\/media\/1061"}],"wp:attachment":[{"href":"https:\/\/www.agroima.com.ar\/index.php?rest_route=%2Fwp%2Fv2%2Fmedia&parent=134"}],"curies":[{"name":"wp","href":"https:\/\/api.w.org\/{rel}","templated":true}]}}